{"id":516403,"date":"2025-04-09T08:17:35","date_gmt":"2025-04-09T07:17:35","guid":{"rendered":"https:\/\/focusme.com\/?page_id=516403"},"modified":"2025-04-09T08:56:38","modified_gmt":"2025-04-09T07:56:38","slug":"sobre-nos","status":"publish","type":"page","link":"https:\/\/focusme.com\/pt\/about-us\/","title":{"rendered":"Sobre n\u00f3s"},"content":{"rendered":"<div data-elementor-type=\"wp-page\" data-elementor-id=\"516403\" class=\"elementor elementor-516403\" data-elementor-post-type=\"page\">\n\t\t\t\t\t\t<section class=\"elementor-section elementor-top-section elementor-element elementor-element-1ce3b14 sec-10 sec-10-m elementor-section-boxed elementor-section-height-default elementor-section-height-default\" data-id=\"1ce3b14\" data-element_type=\"section\" data-e-type=\"section\">\n\t\t\t\t\t\t<div class=\"elementor-container elementor-column-gap-default\">\n\t\t\t\t\t<div class=\"elementor-column elementor-col-100 elementor-top-column elementor-element elementor-element-f4a427e sec-10-col\" data-id=\"f4a427e\" data-element_type=\"column\" data-e-type=\"column\">\n\t\t\t<div class=\"elementor-widget-wrap elementor-element-populated\">\n\t\t\t\t\t\t<div class=\"elementor-element elementor-element-38a950c big-fonts sec-10-t elementor-widget elementor-widget-text-editor\" data-id=\"38a950c\" data-element_type=\"widget\" data-e-type=\"widget\" data-widget_type=\"text-editor.default\">\n\t\t\t\t<div class=\"elementor-widget-container\">\n\t\t\t\t\t\t\t\t\t<div style=\"text-align: center;\">Oi, eu sou o <span style=\"color: #486c9d;\">Jon Rumens.<\/span><\/div>\t\t\t\t\t\t\t\t<\/div>\n\t\t\t\t<\/div>\n\t\t\t\t<div class=\"elementor-element elementor-element-335f3bf big-fonts sec-10-t-2 elementor-widget elementor-widget-text-editor\" data-id=\"335f3bf\" data-element_type=\"widget\" data-e-type=\"widget\" data-widget_type=\"text-editor.default\">\n\t\t\t\t<div class=\"elementor-widget-container\">\n\t\t\t\t\t\t\t\t\t<p style=\"text-align: center;\">E estou feliz por voc\u00ea estar aqui.<\/p>\t\t\t\t\t\t\t\t<\/div>\n\t\t\t\t<\/div>\n\t\t\t\t<div class=\"elementor-element elementor-element-15fc610 elementor-hidden-desktop elementor-hidden-tablet elementor-widget elementor-widget-image\" data-id=\"15fc610\" data-element_type=\"widget\" data-e-type=\"widget\" data-widget_type=\"image.default\">\n\t\t\t\t<div class=\"elementor-widget-container\">\n\t\t\t\t\t\t\t\t\t\t\t\t\t\t\t<img decoding=\"async\" src=\"https:\/\/focusme.com\/wp-content\/uploads\/2020\/12\/jon-profile-large-min.jpg\" title=\"\" alt=\"\" loading=\"lazy\" \/>\t\t\t\t\t\t\t\t\t\t\t\t\t\t\t<\/div>\n\t\t\t\t<\/div>\n\t\t\t\t<div class=\"elementor-element elementor-element-bf2bce8 jon_text sec-10-con elementor-widget elementor-widget-text-editor\" data-id=\"bf2bce8\" data-element_type=\"widget\" data-e-type=\"widget\" data-widget_type=\"text-editor.default\">\n\t\t\t\t<div class=\"elementor-widget-container\">\n\t\t\t\t\t\t\t\t\t<p>Porque eu sei o que \u00e9 sentir que voc\u00ea tem <strong><em>nenhum controle sobre seus pr\u00f3prios h\u00e1bitos e foco.<\/em> <\/strong><br \/>E como se seu tempo estivesse se desintegrando constantemente, <strong><em>n\u00e3o importa o quanto voc\u00ea tente se manter no caminho certo.<\/em><\/strong><\/p><p>Veja, h\u00e1 15 anos, eu estava<em><strong> se afogando em um ciclo vicioso de procrastina\u00e7\u00e3o.<\/strong><\/em> Eu tinha acabado de come\u00e7ar um novo trabalho de programa\u00e7\u00e3o, trabalhando em casa, com a liberdade remota com a qual eu sonhava h\u00e1 muito tempo. Mas, de repente, eu tinha todos esses prazos cruciais para cumprir.<\/p>\t\t\t\t\t\t\t\t<\/div>\n\t\t\t\t<\/div>\n\t\t\t\t\t<\/div>\n\t\t<\/div>\n\t\t\t\t\t<\/div>\n\t\t<\/section>\n\t\t\t\t<section class=\"elementor-section elementor-top-section elementor-element elementor-element-5a0cb09 about-me-bg-section sec-10 elementor-section-boxed elementor-section-height-default elementor-section-height-default\" data-id=\"5a0cb09\" data-element_type=\"section\" data-e-type=\"section\" data-settings=\"{&quot;background_background&quot;:&quot;classic&quot;}\">\n\t\t\t\t\t\t<div class=\"elementor-container elementor-column-gap-default\">\n\t\t\t\t\t<div class=\"elementor-column elementor-col-100 elementor-top-column elementor-element elementor-element-2c2808c sec-10-col\" data-id=\"2c2808c\" data-element_type=\"column\" data-e-type=\"column\">\n\t\t\t<div class=\"elementor-widget-wrap elementor-element-populated\">\n\t\t\t\t\t\t<div class=\"elementor-element elementor-element-193d52f jon_text_left sec-10-con-t elementor-widget elementor-widget-text-editor\" data-id=\"193d52f\" data-element_type=\"widget\" data-e-type=\"widget\" data-widget_type=\"text-editor.default\">\n\t\t\t\t<div class=\"elementor-widget-container\">\n\t\t\t\t\t\t\t\t\t<p>E eu simplesmente n\u00e3o conseguia me concentrar.<\/p>\t\t\t\t\t\t\t\t<\/div>\n\t\t\t\t<\/div>\n\t\t\t\t<div class=\"elementor-element elementor-element-8c59429 jon_text_left sec-10-con sec-10-con-m elementor-widget elementor-widget-text-editor\" data-id=\"8c59429\" data-element_type=\"widget\" data-e-type=\"widget\" data-widget_type=\"text-editor.default\">\n\t\t\t\t<div class=\"elementor-widget-container\">\n\t\t\t\t\t\t\t\t\t<p>(Certamente n\u00e3o era a primeira vez que eu lutava contra a procrastina\u00e7\u00e3o).<br \/>Os prazos n\u00e3o eram nem um pouco exigentes, mas eu continuei<br \/>deixando a bola cair de qualquer maneira. Todo mundo tem sua kryptonita quando se trata de dispositivos digitais.<\/p><p>Minha maneira favorita de me distrair?<br \/>Jogar jogos multijogador e navegar nas m\u00eddias sociais por horas e horas a fio. N\u00e3o importa qual seja seu veneno, o resultado final \u00e9 o mesmo.<\/p><p><strong>Meu trabalho estava caindo. Dif\u00edcil.<\/strong> Eu ia perder meu \u00f3timo emprego<br \/>se eu n\u00e3o fosse cuidadoso. <em><strong>E eu estava desesperado para acabar com meus maus h\u00e1bitos antes que eles acabassem comigo.<\/strong><\/em><\/p>\t\t\t\t\t\t\t\t<\/div>\n\t\t\t\t<\/div>\n\t\t\t\t<div class=\"elementor-element elementor-element-fde718d jon_text_left  sec-10-con-t elementor-widget elementor-widget-text-editor\" data-id=\"fde718d\" data-element_type=\"widget\" data-e-type=\"widget\" data-widget_type=\"text-editor.default\">\n\t\t\t\t<div class=\"elementor-widget-container\">\n\t\t\t\t\t\t\t\t\t<p>Voc\u00ea j\u00e1 se sentiu como se houvesse dois lados de voc\u00ea?<br \/>Est\u00e1vamos em guerra?<\/p>\t\t\t\t\t\t\t\t<\/div>\n\t\t\t\t<\/div>\n\t\t\t\t<div class=\"elementor-element elementor-element-26cc024 jon_text_left sec-10-con elementor-widget elementor-widget-text-editor\" data-id=\"26cc024\" data-element_type=\"widget\" data-e-type=\"widget\" data-widget_type=\"text-editor.default\">\n\t\t\t\t<div class=\"elementor-widget-container\">\n\t\t\t\t\t\t\t\t\t<p>Com certeza eu sabia. Um lado que sabia o que eu realmente queria. E o que seria necess\u00e1rio para chegar l\u00e1. E outro que temia a mudan\u00e7a (e o sucesso) ao extremo.<\/p><p>Esse lado problem\u00e1tico n\u00e3o apenas me atraiu de volta para <br \/>procrastina\u00e7\u00e3o, mesmo quando os prazos se aproximavam <em><strong>mas na verdade <\/strong><\/em><br \/><em><strong>trabalham duro para sabotar meus esfor\u00e7os.<\/strong><\/em> Por exemplo, eu comprei <br \/>Software de bloqueio da Web para me isolar de meus maiores clientes <br \/>distra\u00e7\u00f5es. Mas a efic\u00e1cia durou pouco.<\/p><p>Esse \u201coutro eu\u201d sempre encontrava uma maneira de desativar e <br \/>contornar o software para que eu pudesse trapacear novamente.<\/p>\t\t\t\t\t\t\t\t<\/div>\n\t\t\t\t<\/div>\n\t\t\t\t\t<\/div>\n\t\t<\/div>\n\t\t\t\t\t<\/div>\n\t\t<\/section>\n\t\t\t\t<section class=\"elementor-section elementor-top-section elementor-element elementor-element-40605f9 sec-10 elementor-section-boxed elementor-section-height-default elementor-section-height-default\" data-id=\"40605f9\" data-element_type=\"section\" data-e-type=\"section\">\n\t\t\t\t\t\t<div class=\"elementor-container elementor-column-gap-default\">\n\t\t\t\t\t<div class=\"elementor-column elementor-col-100 elementor-top-column elementor-element elementor-element-3b1c00c sec-10-col\" data-id=\"3b1c00c\" data-element_type=\"column\" data-e-type=\"column\">\n\t\t\t<div class=\"elementor-widget-wrap elementor-element-populated\">\n\t\t\t\t\t\t<div class=\"elementor-element elementor-element-c796ebd  sec-10-con-t text-center sec-10-t-m elementor-widget elementor-widget-text-editor\" data-id=\"c796ebd\" data-element_type=\"widget\" data-e-type=\"widget\" data-widget_type=\"text-editor.default\">\n\t\t\t\t<div class=\"elementor-widget-container\">\n\t\t\t\t\t\t\t\t\t<p style=\"text-align: center;\">Obviamente, um antidistra\u00e7\u00e3o muito mais poderoso<br \/>A ferramenta era necess\u00e1ria<\/p>\t\t\t\t\t\t\t\t<\/div>\n\t\t\t\t<\/div>\n\t\t\t\t<div class=\"elementor-element elementor-element-b783cfd jon_text sec-10-con text-center sec-10-last-p elementor-widget elementor-widget-text-editor\" data-id=\"b783cfd\" data-element_type=\"widget\" data-e-type=\"widget\" data-widget_type=\"text-editor.default\">\n\t\t\t\t<div class=\"elementor-widget-container\">\n\t\t\t\t\t\t\t\t\t<p style=\"text-align: center;\">Como eu era programador, resolvi resolver o problema com minhas pr\u00f3prias m\u00e3os. Tentei criar<br \/>meu pr\u00f3prio aplicativo. Um que me impediria de contornar meu bloqueador da Web.<br \/>Ap\u00f3s alguns dias de codifica\u00e7\u00e3o, ele estava completo o suficiente para ser testado.<\/p><p style=\"text-align: center;\">Tenho que admitir... eu estava um pouco ansioso. Eu tinha acabado de gastar muito tempo precioso (e<br \/>escasso) tempo trabalhando nessa foto no escuro.<\/p><p style=\"text-align: center;\"><em><strong>E se ele falhar como todo o resto? <u>Mas funcionou.<\/u><\/strong><\/em><\/p>\t\t\t\t\t\t\t\t<\/div>\n\t\t\t\t<\/div>\n\t\t\t\t\t<\/div>\n\t\t<\/div>\n\t\t\t\t\t<\/div>\n\t\t<\/section>\n\t\t\t\t<section class=\"elementor-section elementor-top-section elementor-element elementor-element-38434c7 sec-11 elementor-section-boxed elementor-section-height-default elementor-section-height-default\" data-id=\"38434c7\" data-element_type=\"section\" data-e-type=\"section\" data-settings=\"{&quot;background_background&quot;:&quot;classic&quot;}\">\n\t\t\t\t\t\t<div class=\"elementor-container elementor-column-gap-default\">\n\t\t\t\t\t<div class=\"elementor-column elementor-col-100 elementor-top-column elementor-element elementor-element-c8441a2\" data-id=\"c8441a2\" data-element_type=\"column\" data-e-type=\"column\">\n\t\t\t<div class=\"elementor-widget-wrap elementor-element-populated\">\n\t\t\t\t\t\t<div class=\"elementor-element elementor-element-d5e724f big-fonts sec-11-t elementor-widget elementor-widget-text-editor\" data-id=\"d5e724f\" data-element_type=\"widget\" data-e-type=\"widget\" data-widget_type=\"text-editor.default\">\n\t\t\t\t<div class=\"elementor-widget-container\">\n\t\t\t\t\t\t\t\t\t<p style=\"text-align: center;\">Ele mudou minha vida e salvou minha carreira!<\/p>\t\t\t\t\t\t\t\t<\/div>\n\t\t\t\t<\/div>\n\t\t\t\t<div class=\"elementor-element elementor-element-10a9054 focus_text sec-11-p elementor-widget elementor-widget-text-editor\" data-id=\"10a9054\" data-element_type=\"widget\" data-e-type=\"widget\" data-widget_type=\"text-editor.default\">\n\t\t\t\t<div class=\"elementor-widget-container\">\n\t\t\t\t\t\t\t\t\t<p style=\"text-align: center;\">Sim, eu FINALMENTE consegui continuar bloqueando minhas distra\u00e7\u00f5es on-line...<br \/>FINALMENTE, ceder \u00e0s tenta\u00e7\u00f5es n\u00e3o era nem mesmo uma op\u00e7\u00e3o.<br \/>E eu FINALMENTE passei mais tempo trabalhando <em><strong>em coisas que realmente importavam.<\/strong><\/em><\/p><p>\u00a0<\/p><p style=\"text-align: center;\">Com o tempo, eu queria mais recursos para o meu \u201cbeb\u00ea\u201d. Por isso, ele ficou mais potente. <br \/>Criei minha extens\u00e3o em um aplicativo aut\u00f4nomo. <br \/><strong><em>E meu poder de concentra\u00e7\u00e3o tamb\u00e9m ficou mais forte... mesmo quando eu n\u00e3o tinha o aplicativo. <\/em><\/strong><br \/>Sim, estou falando de mudan\u00e7as duradouras!<\/p><p>\u00a0<\/p><p style=\"text-align: center;\">A ferramenta funcionou t\u00e3o bem que eu sabia que tinha que compartilh\u00e1-la com o mundo.<br \/>Ent\u00e3o, fundei a FocusMe e larguei meu emprego di\u00e1rio <em><strong>para criar o melhor poss\u00edvel<\/strong><\/em><br \/><em><strong>aplicativo de produtividade e bloqueador da Web do planeta.<\/strong><\/em><\/p>\t\t\t\t\t\t\t\t<\/div>\n\t\t\t\t<\/div>\n\t\t\t\t<div class=\"elementor-element elementor-element-c16325a elementor-align-center buttom_home margin-bottom-fix elementor-widget elementor-widget-global elementor-global-393734 elementor-widget-button\" data-id=\"c16325a\" data-element_type=\"widget\" data-e-type=\"widget\" data-widget_type=\"button.default\">\n\t\t\t\t<div class=\"elementor-widget-container\">\n\t\t\t\t\t\t\t\t\t<div class=\"elementor-button-wrapper\">\n\t\t\t\t\t<a class=\"elementor-button elementor-button-link elementor-size-md\" href=\"#elementor-action%3Aaction%3Dpopup%3Aopen%26settings%3DeyJpZCI6IjUxNzExNCIsInRvZ2dsZSI6ZmFsc2V9\">\n\t\t\t\t\t\t<span class=\"elementor-button-content-wrapper\">\n\t\t\t\t\t\t\t\t\t<span class=\"elementor-button-text\">INICIE O TESTE GRATUITO AGORA<\/span>\n\t\t\t\t\t<\/span>\n\t\t\t\t\t<\/a>\n\t\t\t\t<\/div>\n\t\t\t\t\t\t\t\t<\/div>\n\t\t\t\t<\/div>\n\t\t\t\t\t<\/div>\n\t\t<\/div>\n\t\t\t\t\t<\/div>\n\t\t<\/section>\n\t\t\t\t<section class=\"elementor-section elementor-top-section elementor-element elementor-element-d61fcc3 padding-top-section-fix focusme-map-section sec-12 elementor-section-boxed elementor-section-height-default elementor-section-height-default\" data-id=\"d61fcc3\" data-element_type=\"section\" data-e-type=\"section\" data-settings=\"{&quot;background_background&quot;:&quot;classic&quot;}\">\n\t\t\t\t\t\t<div class=\"elementor-container elementor-column-gap-default\">\n\t\t\t\t\t<div class=\"elementor-column elementor-col-100 elementor-top-column elementor-element elementor-element-e31754f\" data-id=\"e31754f\" data-element_type=\"column\" data-e-type=\"column\">\n\t\t\t<div class=\"elementor-widget-wrap elementor-element-populated\">\n\t\t\t\t\t\t<div class=\"elementor-element elementor-element-2cded5c big-fonts sec-12-t elementor-widget elementor-widget-text-editor\" data-id=\"2cded5c\" data-element_type=\"widget\" data-e-type=\"widget\" data-widget_type=\"text-editor.default\">\n\t\t\t\t<div class=\"elementor-widget-container\">\n\t\t\t\t\t\t\t\t\t<p style=\"text-align: center;\">A FocusMe \u00e9 MUITO maior do que eu agora<\/p>\t\t\t\t\t\t\t\t<\/div>\n\t\t\t\t<\/div>\n\t\t\t\t<div class=\"elementor-element elementor-element-c595aad elementor-hidden-desktop elementor-hidden-tablet elementor-widget elementor-widget-image\" data-id=\"c595aad\" data-element_type=\"widget\" data-e-type=\"widget\" data-widget_type=\"image.default\">\n\t\t\t\t<div class=\"elementor-widget-container\">\n\t\t\t\t\t\t\t\t\t\t\t\t\t\t\t<img fetchpriority=\"high\" decoding=\"async\" width=\"768\" height=\"348\" src=\"https:\/\/focusme.com\/wp-content\/uploads\/2024\/06\/world-map-with-faces-min-768x348-1.webp\" class=\"attachment-full size-full wp-image-512784\" alt=\"Mapa do mundo com rostos\" srcset=\"https:\/\/focusme.com\/wp-content\/uploads\/2024\/06\/world-map-with-faces-min-768x348-1.webp 768w, https:\/\/focusme.com\/wp-content\/uploads\/2024\/06\/world-map-with-faces-min-768x348-1-300x136.webp 300w\" sizes=\"(max-width: 768px) 100vw, 768px\" \/>\t\t\t\t\t\t\t\t\t\t\t\t\t\t\t<\/div>\n\t\t\t\t<\/div>\n\t\t\t\t<div class=\"elementor-element elementor-element-b2b6361 jon_text sec-12-p elementor-widget elementor-widget-text-editor\" data-id=\"b2b6361\" data-element_type=\"widget\" data-e-type=\"widget\" data-widget_type=\"text-editor.default\">\n\t\t\t\t<div class=\"elementor-widget-container\">\n\t\t\t\t\t\t\t\t\t<p style=\"text-align: center;\">Estou <span style=\"text-decoration: underline;\"><strong>entusiasmado<\/strong><\/span><strong> \u00a0<\/strong>as pessoas ainda est\u00e3o usando e <span style=\"text-decoration: underline; font-weight: bold;\">amoroso<\/span> este produto. E eu ainda adoro ler<br \/>as avalia\u00e7\u00f5es 5 estrelas para me lembrar de como essa ferramenta muda vidas.<\/p><p style=\"text-align: center;\"><span style=\"text-decoration: underline; font-weight: bold;\">Agora estamos aqui para mudar SUA vida para melhor.<\/span> Muitas empresas fazem essa promessa.<br \/>Mas eu vi essa ferramenta de produtividade salvar milhares de pessoas de se afogarem no mundo digital<br \/>distra\u00e7\u00e3o. Capacitando-os a manter os v\u00edcios debilitantes \u00e0 dist\u00e2ncia.<\/p><p style=\"text-align: center; font-weight: bold;\">E recuperar suas vidas.<\/p><p style=\"text-align: center; font-weight: bold;\">Vamos usar a ci\u00eancia comprovada na forma\u00e7\u00e3o de h\u00e1bitos e no pr\u00e9-compromisso para ajud\u00e1-lo a reagir<br \/>e recupere o controle do seu tempo.<\/p>\t\t\t\t\t\t\t\t<\/div>\n\t\t\t\t<\/div>\n\t\t\t\t\t<\/div>\n\t\t<\/div>\n\t\t\t\t\t<\/div>\n\t\t<\/section>\n\t\t\t\t<section class=\"elementor-section elementor-top-section elementor-element elementor-element-daada46 elementor-section-boxed elementor-section-height-default elementor-section-height-default\" data-id=\"daada46\" data-element_type=\"section\" data-e-type=\"section\">\n\t\t\t\t\t\t<div class=\"elementor-container elementor-column-gap-default\">\n\t\t\t\t\t<div class=\"elementor-column elementor-col-100 elementor-top-column elementor-element elementor-element-f8a7e8f\" data-id=\"f8a7e8f\" data-element_type=\"column\" data-e-type=\"column\">\n\t\t\t<div class=\"elementor-widget-wrap elementor-element-populated\">\n\t\t\t\t\t\t<div class=\"elementor-element elementor-element-e4bbd25 big-fonts margin-top-title-fix sec-13-t elementor-widget elementor-widget-text-editor\" data-id=\"e4bbd25\" data-element_type=\"widget\" data-e-type=\"widget\" data-widget_type=\"text-editor.default\">\n\t\t\t\t<div class=\"elementor-widget-container\">\n\t\t\t\t\t\t\t\t\t<p style=\"text-align: center;\">A FocusMe est\u00e1 mudando milhares de vidas!<\/p>\t\t\t\t\t\t\t\t<\/div>\n\t\t\t\t<\/div>\n\t\t\t\t<div class=\"elementor-element elementor-element-623880a elementor-align-center buttom_home margin-bottom-fix elementor-widget elementor-widget-global elementor-global-393734 elementor-widget-button\" data-id=\"623880a\" data-element_type=\"widget\" data-e-type=\"widget\" data-widget_type=\"button.default\">\n\t\t\t\t<div class=\"elementor-widget-container\">\n\t\t\t\t\t\t\t\t\t<div class=\"elementor-button-wrapper\">\n\t\t\t\t\t<a class=\"elementor-button elementor-button-link elementor-size-md\" href=\"#elementor-action%3Aaction%3Dpopup%3Aopen%26settings%3DeyJpZCI6IjUxNzExNCIsInRvZ2dsZSI6ZmFsc2V9\">\n\t\t\t\t\t\t<span class=\"elementor-button-content-wrapper\">\n\t\t\t\t\t\t\t\t\t<span class=\"elementor-button-text\">INICIE O TESTE GRATUITO AGORA<\/span>\n\t\t\t\t\t<\/span>\n\t\t\t\t\t<\/a>\n\t\t\t\t<\/div>\n\t\t\t\t\t\t\t\t<\/div>\n\t\t\t\t<\/div>\n\t\t\t\t<div class=\"elementor-element elementor-element-fdf2108 elementor-hidden-desktop elementor-hidden-tablet elementor-hidden-mobile elementor-widget elementor-widget-text-editor\" data-id=\"fdf2108\" data-element_type=\"widget\" data-e-type=\"widget\" data-widget_type=\"text-editor.default\">\n\t\t\t\t<div class=\"elementor-widget-container\">\n\t\t\t\t\t\t\t\t\t<div style=\"text-align: center;\"><p><a style=\"color: #000000;\" href=\"https:\/\/www.trustpilot.com\/review\/focusme.com\" target=\"_blank\" rel=\"noopener\"><br \/><span style=\"display: inline-block; vertical-align: middle;\"><br \/>Classificado <strong><em>Excelente<\/em><\/strong> com base em<br \/><\/span><br \/><span style=\"display: inline-block; vertical-align: middle;\"><br \/><strong style=\"text-decoration: underline;\">Mais de 700 avalia\u00e7\u00f5es<\/strong> em<br \/><\/span><\/a><\/p><figure style=\"width: 300px\" class=\"wp-caption alignnone\"><a href=\"https:\/\/www.trustpilot.com\/review\/focusme.com\" target=\"_blank\" rel=\"noopener\"><img decoding=\"async\" style=\"display: inline-block; vertical-align: middle;\" src=\"https:\/\/focusme.com\/wp-content\/uploads\/2020\/04\/trustpilot5stars-300x35.png\" alt=\"Trustpilot 5 estrelas\" width=\"300\" height=\"35\" \/><\/a><figcaption class=\"wp-caption-text\">Trustpilot 5 estrelas<\/figcaption><\/figure><\/div><div id=\"w1guu0n5\" style=\"display: none;\">\u00a0<\/div>\t\t\t\t\t\t\t\t<\/div>\n\t\t\t\t<\/div>\n\t\t\t\t\t<\/div>\n\t\t<\/div>\n\t\t\t\t\t<\/div>\n\t\t<\/section>\n\t\t\t\t<\/div>","protected":false},"excerpt":{"rendered":"<p>Hi, I\u2019m Jon Rumens. And I\u2019m Glad You\u2019re Here. Because I know what it\u2019s like to feel like you have no control over your own habits and focus. And like your time is constantly disintegrating, no matter how hard you try to stay on track. See, 15 years ago, I was drowning in a vicious [&hellip;]<\/p>\n","protected":false},"author":1,"featured_media":0,"parent":0,"menu_order":0,"comment_status":"closed","ping_status":"closed","template":"","meta":{"footnotes":""},"class_list":["post-516403","page","type-page","status-publish","hentry"],"_links":{"self":[{"href":"https:\/\/focusme.com\/pt\/wp-json\/wp\/v2\/pages\/516403","targetHints":{"allow":["GET"]}}],"collection":[{"href":"https:\/\/focusme.com\/pt\/wp-json\/wp\/v2\/pages"}],"about":[{"href":"https:\/\/focusme.com\/pt\/wp-json\/wp\/v2\/types\/page"}],"author":[{"embeddable":true,"href":"https:\/\/focusme.com\/pt\/wp-json\/wp\/v2\/users\/1"}],"replies":[{"embeddable":true,"href":"https:\/\/focusme.com\/pt\/wp-json\/wp\/v2\/comments?post=516403"}],"version-history":[{"count":0,"href":"https:\/\/focusme.com\/pt\/wp-json\/wp\/v2\/pages\/516403\/revisions"}],"wp:attachment":[{"href":"https:\/\/focusme.com\/pt\/wp-json\/wp\/v2\/media?parent=516403"}],"curies":[{"name":"wp","href":"https:\/\/api.w.org\/{rel}","templated":true}]}}