{"id":193904,"date":"2020-11-30T19:58:08","date_gmt":"2020-11-30T19:58:08","guid":{"rendered":"https:\/\/focusme.com\/?page_id=193904"},"modified":"2026-04-13T13:11:10","modified_gmt":"2026-04-13T12:11:10","slug":"focusme-vs-tacchino-freddo","status":"publish","type":"page","link":"https:\/\/focusme.com\/it\/focusme-vs-cold-turkey\/","title":{"rendered":"FocusMe vs Cold Turkey (2026) - Confronto onesto tra le caratteristiche"},"content":{"rendered":"<div class=\"landing-page\">\n<h1>FocusMe vs Cold Turkey - Confronto di funzionalit\u00e0 (2026)<\/h1>\n<p style=\"font-size: 18px; margin-bottom: 30px;\">Sia FocusMe che Cold Turkey sono potenti bloccatori di siti web e app. Ecco un'analisi onesta del loro confronto, in modo che possiate scegliere lo strumento giusto per le vostre esigenze.<\/p>\n<h2>Tabella di confronto delle caratteristiche<\/h2>\n<table>\n<thead>\n<tr>\n<th>Caratteristica<\/th>\n<th style=\"text-align: center;\">FocusMe<\/th>\n<th style=\"text-align: center;\">Tacchino freddo<\/th>\n<\/tr>\n<\/thead>\n<tbody>\n<tr>\n<td><strong>Blocco del sito web<\/strong><\/td>\n<td style=\"text-align: center;\">\u2713<\/td>\n<td style=\"text-align: center;\">\u2713<\/td>\n<\/tr>\n<tr>\n<td><strong>Blocco delle applicazioni e dei giochi<\/strong><\/td>\n<td style=\"text-align: center;\">\u2713<\/td>\n<td style=\"text-align: center;\">\u2713 (solo Pro)<\/td>\n<\/tr>\n<tr>\n<td><strong>Limiti di tempo flessibili<\/strong><\/td>\n<td style=\"text-align: center;\">\u2713 Budget per sito e per app<\/td>\n<td style=\"text-align: center;\">Limitato<\/td>\n<\/tr>\n<tr>\n<td><strong>Limiti di lancio<\/strong><\/td>\n<td style=\"text-align: center;\">Limitare la frequenza di apertura delle applicazioni<\/td>\n<td style=\"text-align: center;\">\u2717<\/td>\n<\/tr>\n<tr>\n<td><strong>Interruzioni forzate dello schermo<\/strong><\/td>\n<td style=\"text-align: center;\">\u2713 Sovrapposizione a schermo intero con protezione da salto<\/td>\n<td style=\"text-align: center;\">\u2717<\/td>\n<\/tr>\n<tr>\n<td><strong>Limiti di pausa<\/strong><\/td>\n<td style=\"text-align: center;\">\u2713 Cappelli per il conteggio e la durata giornaliera<\/td>\n<td style=\"text-align: center;\">\u2717<\/td>\n<\/tr>\n<tr>\n<td><strong>Modalit\u00e0 forzata<\/strong><\/td>\n<td style=\"text-align: center;\">\u2713<\/td>\n<td style=\"text-align: center;\">\u2713<\/td>\n<\/tr>\n<tr>\n<td><strong>Disinstallare la protezione<\/strong><\/td>\n<td style=\"text-align: center;\">\u2713<\/td>\n<td style=\"text-align: center;\">\u2713<\/td>\n<\/tr>\n<tr>\n<td><strong>Protezione con password<\/strong><\/td>\n<td style=\"text-align: center;\">\u2713 Opzioni multiple<\/td>\n<td style=\"text-align: center;\">\u2713 (solo Pro)<\/td>\n<\/tr>\n<tr>\n<td><strong>Sfida tra personaggi casuali<\/strong><\/td>\n<td style=\"text-align: center;\">\u2713 Lunghezza configurabile<\/td>\n<td style=\"text-align: center;\">\u2717<\/td>\n<\/tr>\n<tr>\n<td><strong>Ritardo di arresto<\/strong><\/td>\n<td style=\"text-align: center;\">\u2713 Periodo di attesa configurabile<\/td>\n<td style=\"text-align: center;\">\u2717<\/td>\n<\/tr>\n<tr>\n<td><strong>Coach di produttivit\u00e0 AI<\/strong><\/td>\n<td style=\"text-align: center;\">\u2713 Rapporti giornalieri\/settimanali<\/td>\n<td style=\"text-align: center;\">\u2717<\/td>\n<\/tr>\n<tr>\n<td><strong>Bloccare i cortometraggi e i filmati di YouTube<\/strong><\/td>\n<td style=\"text-align: center;\">\u2713 Senza bloccare YouTube stesso<\/td>\n<td style=\"text-align: center;\">\u2717<\/td>\n<\/tr>\n<tr>\n<td><strong>Controllo del piano CLI<\/strong><\/td>\n<td style=\"text-align: center;\">\u2713 Avvio\/arresto dal terminale<\/td>\n<td style=\"text-align: center;\">\u2717<\/td>\n<\/tr>\n<tr>\n<td><strong>Libreria di piani e modelli<\/strong><\/td>\n<td style=\"text-align: center;\">\u2713 Piani comunitari<\/td>\n<td style=\"text-align: center;\">\u2717<\/td>\n<\/tr>\n<tr>\n<td><strong>Timer del Pomodoro<\/strong><\/td>\n<td style=\"text-align: center;\">\u2713 Incorporato<\/td>\n<td style=\"text-align: center;\">\u2713 (solo Pro)<\/td>\n<\/tr>\n<tr>\n<td><strong>Tracciamento dell'uso e analisi<\/strong><\/td>\n<td style=\"text-align: center;\">Approfondimenti basati sull'AI<\/td>\n<td style=\"text-align: center;\">Statistiche<\/td>\n<\/tr>\n<tr>\n<td><strong>Applicazione Android<\/strong><\/td>\n<td style=\"text-align: center;\">\u2713<\/td>\n<td style=\"text-align: center;\">\u2717<\/td>\n<\/tr>\n<tr>\n<td><strong>Supporto Linux<\/strong><\/td>\n<td style=\"text-align: center;\">\u2713<\/td>\n<td style=\"text-align: center;\">\u2717<\/td>\n<\/tr>\n<tr>\n<td><strong>Pi\u00f9 piani\/profili<\/strong><\/td>\n<td style=\"text-align: center;\">\u2713 Illimitato<\/td>\n<td style=\"text-align: center;\">Limitato<\/td>\n<\/tr>\n<\/tbody>\n<\/table>\n<h2>Differenze chiave<\/h2>\n<h3>Flessibilit\u00e0 e controllo del tempo<\/h3>\n<p>FocusMe offre un controllo pi\u00f9 granulare sul blocco. \u00c8 possibile impostare limiti di tempo per sito (ad esempio 30 minuti di Reddit al giorno), limiti di avvio per limitare la frequenza di apertura delle app e creare profili di blocco illimitati per diversi scenari. Cold Turkey utilizza un approccio pi\u00f9 semplice di blocco o consenso, con una minore flessibilit\u00e0.<\/p>\n<h3>Interruzioni dello schermo e protezione della pausa<\/h3>\n<p>FocusMe include interruzioni forzate dello schermo con una sovrapposizione a schermo intero che blocca il computer a intervalli configurabili. La protezione contro i salti assicura che l'utente si riposi effettivamente: \u00e8 possibile impostare un tempo minimo di pausa e richiedere una sfida per saltare. I limiti di pausa limitano il numero di volte al giorno in cui \u00e8 possibile mettere in pausa un piano e per quanto tempo. Cold Turkey non include le pause forzate dallo schermo o la gestione delle pause.<\/p>\n<h3>Coaching alimentato dall'intelligenza artificiale<\/h3>\n<p>L'AI Coach integrato in FocusMe analizza il vostro utilizzo quotidiano e fornisce rapporti di produttivit\u00e0 personalizzati con raccomandazioni attuabili che potete applicare con un solo clic. Identifica modelli come il rischio di burnout e le spese di comunicazione. Cold Turkey offre statistiche di utilizzo ma non coaching AI.<\/p>\n<h3>Strati di protezione<\/h3>\n<p>Entrambe le app dispongono di forti modalit\u00e0 forzate e di una protezione contro la disinstallazione. FocusMe aggiunge ulteriori livelli: sfide di caratteri casuali, ritardi nell'arresto e limiti di pausa. Entrambe offrono una protezione con password (Pro nel caso di Cold Turkey). \u00c8 inoltre possibile controllare i piani di FocusMe tramite CLI per l'automazione.<\/p>\n<h3>Supporto mobile e Linux<\/h3>\n<p>FocusMe offre un'applicazione per Android e il supporto per Linux. Cold Turkey \u00e8 solo per Windows e macOS.<\/p>\n<h2>Cosa dicono gli utenti<\/h2>\n<p style=\"margin-bottom: 20px;\">Ecco cosa dicono gli utenti reali che hanno provato entrambi i prodotti riguardo al passaggio a FocusMe:<\/p>\n<blockquote>\n<p style=\"font-style: italic;\"><strong>\u201cIl miglior blocco della procrastinazione e uno sviluppatore incredibile! 10\/10. Tra tutti i bloccatori di siti web\/procrastinazione che ho provato (Freedom, ColdTurkey, HeyFocus, LeechblockNG, ecc.) questo \u00e8 l'unico che ha tutto!\u201d<\/strong><\/p>\n<p style=\"font-size: 14px; color: #666;\">- Filip J. via <a href=\"https:\/\/www.trustpilot.com\/reviews\/5e879f5f086b6409542f39bb\" target=\"_blank\" rel=\"noopener\">Trustpilot<\/a><\/p>\n<\/blockquote>\n<blockquote>\n<p style=\"font-style: italic;\"><strong>\u201c\u00c8 molto pi\u00f9 flessibile di altri che ho provato (Freedom e Cold Turkey in particolare), l'unico che non riesco ad aggirare...\u201d<\/strong><\/p>\n<p style=\"font-size: 14px; color: #666;\">- John Cremlim via <a href=\"https:\/\/www.trustpilot.com\/reviews\/5e98c130086b6409bc864790\" target=\"_blank\" rel=\"noopener\">Trustpilot<\/a><\/p>\n<\/blockquote>\n<blockquote>\n<p style=\"font-style: italic;\"><strong>\u201cHo usato K9, Mobicip, Cold Turkey, Freedom, e cos\u00ec via. Nessuno di questi prodotti si avvicina minimamente a FocusMe. Smettete di perdere tempo e iniziate a cambiare la vostra vita oggi stesso!\u201d.\u201d<\/strong><\/p>\n<p style=\"font-size: 14px; color: #666;\">- Terry G via <a href=\"https:\/\/www.trustpilot.com\/reviews\/5cd580d6a843690a7cd115dc\" target=\"_blank\" rel=\"noopener\">Trustpilot<\/a><\/p>\n<\/blockquote>\n<blockquote>\n<p style=\"font-style: italic;\"><strong>\u201cQuesto \u00e8 il miglior programma di auto-aiuto per PC che abbia mai incontrato. \u00c8 praticamente impossibile da aggirare, a meno che non siate un hacker\/programmatore software intelligente\u201d.\u201d<\/strong><\/p>\n<p style=\"font-size: 14px; color: #666;\">- Bryan Seare via <a href=\"https:\/\/www.trustpilot.com\/reviews\/5c8c73a597afa10a488c4771\" target=\"_blank\" rel=\"noopener\">Trustpilot<\/a><\/p>\n<\/blockquote>\n<h2>Domande frequenti<\/h2>\n<h3 style=\"font-size: 20px; margin-top: 20px;\">FocusMe \u00e8 meglio di Cold Turkey?<\/h3>\n<p>FocusMe offre una maggiore flessibilit\u00e0 con limiti di tempo per sito, interruzioni forzate dello schermo, coaching AI, limiti di pausa, controllo CLI e supporto Android - caratteristiche che mancano a Cold Turkey. Tuttavia, Cold Turkey offre un modello di acquisto unico pi\u00f9 semplice. Scegliete FocusMe se avete bisogno di un controllo granulare, del supporto mobile o di Linux.<\/p>\n<h3 style=\"font-size: 20px; margin-top: 20px;\">FocusMe pu\u00f2 bloccare le stesse cose di Cold Turkey?<\/h3>\n<p>S\u00ec. FocusMe blocca siti web, applicazioni desktop e giochi su tutti i browser di Windows, macOS e Linux, proprio come Cold Turkey Pro. FocusMe supporta anche i dispositivi Android ed \u00e8 in grado di bloccare in modo specifico i cortometraggi di YouTube e i video di Facebook.<\/p>\n<h3 style=\"font-size: 20px; margin-top: 20px;\">FocusMe \u00e8 pi\u00f9 difficile da bypassare rispetto a Cold Turkey?<\/h3>\n<p>Entrambe le applicazioni dispongono di modalit\u00e0 forti e di protezione contro la disinstallazione. FocusMe aggiunge sfide di caratteri casuali, ritardi nell'interruzione e limiti di pausa per ulteriori livelli di protezione contro le disinstallazioni. Molti utenti che sono passati da Cold Turkey citano i livelli di protezione aggiuntivi di FocusMe come una delle ragioni principali.<\/p>\n<h3 style=\"font-size: 20px; margin-top: 20px;\">Come si colloca il prezzo di FocusMe rispetto a Cold Turkey?<\/h3>\n<p>Cold Turkey offre un acquisto una tantum che pu\u00f2 essere pi\u00f9 economico in anticipo, ma si ottiene ci\u00f2 per cui si paga: FocusMe include interruzioni forzate dello schermo, coaching AI, automazione CLI, limiti di pausa, limiti di avvio e molte altre funzioni che Cold Turkey semplicemente non ha. FocusMe offre una prova gratuita di 14 giorni e una garanzia di rimborso di 60 giorni, in modo che possiate provarlo senza rischi. Forniamo inoltre un'assistenza clienti di prim'ordine.<\/p>\n<p style=\"text-align: center; margin-top: 50px; margin-bottom: 30px;\">\n<a href=\"#elementor-action%3Aaction%3Dpopup%3Aopen%26settings%3DeyJpZCI6IjUxNzExNCIsInRvZ2dsZSI6ZmFsc2V9\" class=\"cta-btn\">PROVA GRATIS FOCUSME<\/a>\n<\/p>\n<p style=\"text-align: center; font-size: 14px; color: #999;\">Funziona su Windows 11\/10\/8\/7, macOS, Linux e Android. Non \u00e8 richiesta la carta di credito.<\/p>\n<div style=\"margin-top: 60px; padding: 30px; background: #f5f7fa; border-radius: 8px; border: 1px solid #e0e0e0;\">\n<h3 style=\"color: #486C9D; margin-top: 0;\">Vedete qualcosa di sbagliato?<\/h3>\n<p style=\"font-size: 15px; margin-bottom: 15px;\">Aiutateci a mantenere questo confronto accurato ed equo. Se le informazioni sopra riportate sono obsolete o errate, fatecelo sapere.<\/p>\n<form action=\"\/comparison-feedback.php\" method=\"POST\" style=\"display: flex; flex-wrap: wrap; gap: 12px; align-items: flex-start;\" data-trp-original-action=\"\/comparison-feedback.php\">\n<input type=\"hidden\" name=\"page\" value=\"FocusMe vs Cold Turkey\"><br \/>\n<input type=\"text\" name=\"feature\" placeholder=\"Quale caratteristica?\" required style=\"flex: 1; min-width: 180px; padding: 10px 14px; border: 1px solid #ccc; border-radius: 4px; font-size: 15px;\"><br \/>\n<input type=\"text\" name=\"correction\" placeholder=\"Cosa c&#039;\u00e8 di sbagliato?\" required style=\"flex: 2; min-width: 240px; padding: 10px 14px; border: 1px solid #ccc; border-radius: 4px; font-size: 15px;\"><br \/>\n<input type=\"email\" name=\"email\" placeholder=\"Il vostro indirizzo e-mail (facoltativo)\" style=\"flex: 1; min-width: 180px; padding: 10px 14px; border: 1px solid #ccc; border-radius: 4px; font-size: 15px;\"><br \/>\n<button type=\"submit\" style=\"background: #486C9D; color: white; border: none; padding: 10px 24px; border-radius: 4px; font-size: 15px; cursor: pointer; font-weight: bold;\">Invia<\/button><br \/>\n<input type=\"hidden\" name=\"trp-form-language\" value=\"it\"\/><\/form>\n<\/div>\n<\/div>","protected":false},"excerpt":{"rendered":"<p>FocusMe vs Cold Turkey \u2014 Feature Comparison (2026) Both FocusMe and Cold Turkey are powerful website and app blockers. Here&#8217;s an honest breakdown of how they compare so you can choose the right tool for your needs. Feature Comparison Table Feature FocusMe Cold Turkey Website Blocking &#10003; &#10003; Application &amp; Game Blocking &#10003; &#10003; (Pro [&hellip;]<\/p>\n","protected":false},"author":1,"featured_media":0,"parent":0,"menu_order":0,"comment_status":"closed","ping_status":"closed","template":"","meta":{"footnotes":""},"class_list":["post-193904","page","type-page","status-publish","hentry"],"_links":{"self":[{"href":"https:\/\/focusme.com\/it\/wp-json\/wp\/v2\/pages\/193904","targetHints":{"allow":["GET"]}}],"collection":[{"href":"https:\/\/focusme.com\/it\/wp-json\/wp\/v2\/pages"}],"about":[{"href":"https:\/\/focusme.com\/it\/wp-json\/wp\/v2\/types\/page"}],"author":[{"embeddable":true,"href":"https:\/\/focusme.com\/it\/wp-json\/wp\/v2\/users\/1"}],"replies":[{"embeddable":true,"href":"https:\/\/focusme.com\/it\/wp-json\/wp\/v2\/comments?post=193904"}],"version-history":[{"count":6,"href":"https:\/\/focusme.com\/it\/wp-json\/wp\/v2\/pages\/193904\/revisions"}],"predecessor-version":[{"id":520220,"href":"https:\/\/focusme.com\/it\/wp-json\/wp\/v2\/pages\/193904\/revisions\/520220"}],"wp:attachment":[{"href":"https:\/\/focusme.com\/it\/wp-json\/wp\/v2\/media?parent=193904"}],"curies":[{"name":"wp","href":"https:\/\/api.w.org\/{rel}","templated":true}]}}