{"id":193904,"date":"2020-11-30T19:58:08","date_gmt":"2020-11-30T19:58:08","guid":{"rendered":"https:\/\/focusme.com\/?page_id=193904"},"modified":"2026-04-13T13:11:10","modified_gmt":"2026-04-13T12:11:10","slug":"focusme-vs-cold-turkey","status":"publish","type":"page","link":"https:\/\/focusme.com\/fr\/focusme-vs-cold-turkey\/","title":{"rendered":"FocusMe vs Cold Turkey (2026) - Comparaison honn\u00eate des fonctionnalit\u00e9s"},"content":{"rendered":"<div class=\"landing-page\">\n<h1>FocusMe vs Cold Turkey - Comparaison des fonctionnalit\u00e9s (2026)<\/h1>\n<p style=\"font-size: 18px; margin-bottom: 30px;\">FocusMe et Cold Turkey sont tous deux de puissants bloqueurs de sites web et d'applications. Voici une analyse honn\u00eate de leur comparaison afin que vous puissiez choisir l'outil le mieux adapt\u00e9 \u00e0 vos besoins.<\/p>\n<h2>Tableau de comparaison des fonctionnalit\u00e9s<\/h2>\n<table>\n<thead>\n<tr>\n<th>Fonctionnalit\u00e9<\/th>\n<th style=\"text-align: center;\">FocusMe<\/th>\n<th style=\"text-align: center;\">La dinde froide<\/th>\n<\/tr>\n<\/thead>\n<tbody>\n<tr>\n<td><strong>Blocage de sites web<\/strong><\/td>\n<td style=\"text-align: center;\">\u2713<\/td>\n<td style=\"text-align: center;\">\u2713<\/td>\n<\/tr>\n<tr>\n<td><strong>Blocage des applications et des jeux<\/strong><\/td>\n<td style=\"text-align: center;\">\u2713<\/td>\n<td style=\"text-align: center;\">\u2713 (Pro uniquement)<\/td>\n<\/tr>\n<tr>\n<td><strong>Des d\u00e9lais flexibles<\/strong><\/td>\n<td style=\"text-align: center;\">Budgets par site et par application<\/td>\n<td style=\"text-align: center;\">Limit\u00e9e<\/td>\n<\/tr>\n<tr>\n<td><strong>Limites de lancement<\/strong><\/td>\n<td style=\"text-align: center;\">\u2713 Limiter la fr\u00e9quence d'ouverture des applications<\/td>\n<td style=\"text-align: center;\">\u2717<\/td>\n<\/tr>\n<tr>\n<td><strong>Pauses \u00e9cran impos\u00e9es<\/strong><\/td>\n<td style=\"text-align: center;\">\u2713 Superposition en plein \u00e9cran avec protection contre le saut de page<\/td>\n<td style=\"text-align: center;\">\u2717<\/td>\n<\/tr>\n<tr>\n<td><strong>Limites de la pause<\/strong><\/td>\n<td style=\"text-align: center;\">\u2713 Nombre de jours et dur\u00e9e<\/td>\n<td style=\"text-align: center;\">\u2717<\/td>\n<\/tr>\n<tr>\n<td><strong>Mode forc\u00e9<\/strong><\/td>\n<td style=\"text-align: center;\">\u2713<\/td>\n<td style=\"text-align: center;\">\u2713<\/td>\n<\/tr>\n<tr>\n<td><strong>D\u00e9sinstaller la protection<\/strong><\/td>\n<td style=\"text-align: center;\">\u2713<\/td>\n<td style=\"text-align: center;\">\u2713<\/td>\n<\/tr>\n<tr>\n<td><strong>Protection par mot de passe<\/strong><\/td>\n<td style=\"text-align: center;\">\u2713 Options multiples<\/td>\n<td style=\"text-align: center;\">\u2713 (Pro uniquement)<\/td>\n<\/tr>\n<tr>\n<td><strong>D\u00e9fi des personnages al\u00e9atoires<\/strong><\/td>\n<td style=\"text-align: center;\">\u2713 Longueur configurable<\/td>\n<td style=\"text-align: center;\">\u2717<\/td>\n<\/tr>\n<tr>\n<td><strong>D\u00e9lai d'arr\u00eat<\/strong><\/td>\n<td style=\"text-align: center;\">\u2713 P\u00e9riode d'attente configurable<\/td>\n<td style=\"text-align: center;\">\u2717<\/td>\n<\/tr>\n<tr>\n<td><strong>Coach de productivit\u00e9 en IA<\/strong><\/td>\n<td style=\"text-align: center;\">Rapports quotidiens\/hebdomadaires<\/td>\n<td style=\"text-align: center;\">\u2717<\/td>\n<\/tr>\n<tr>\n<td><strong>Bloquer les courts m\u00e9trages et les bobines sur YouTube<\/strong><\/td>\n<td style=\"text-align: center;\">\u2713 Sans bloquer YouTube lui-m\u00eame<\/td>\n<td style=\"text-align: center;\">\u2717<\/td>\n<\/tr>\n<tr>\n<td><strong>Contr\u00f4le du plan CLI<\/strong><\/td>\n<td style=\"text-align: center;\">\u2713 D\u00e9marrage\/arr\u00eat \u00e0 partir du terminal<\/td>\n<td style=\"text-align: center;\">\u2717<\/td>\n<\/tr>\n<tr>\n<td><strong>Biblioth\u00e8que de plans et mod\u00e8les<\/strong><\/td>\n<td style=\"text-align: center;\">\u2713 Plans communautaires<\/td>\n<td style=\"text-align: center;\">\u2717<\/td>\n<\/tr>\n<tr>\n<td><strong>Minuteur Pomodoro<\/strong><\/td>\n<td style=\"text-align: center;\">\u2713 Int\u00e9gr\u00e9<\/td>\n<td style=\"text-align: center;\">\u2713 (Pro uniquement)<\/td>\n<\/tr>\n<tr>\n<td><strong>Suivi et analyse de l'utilisation<\/strong><\/td>\n<td style=\"text-align: center;\">\u2713 Des informations aliment\u00e9es par l'IA<\/td>\n<td style=\"text-align: center;\">\u2713 Statistiques<\/td>\n<\/tr>\n<tr>\n<td><strong>Application Android<\/strong><\/td>\n<td style=\"text-align: center;\">\u2713<\/td>\n<td style=\"text-align: center;\">\u2717<\/td>\n<\/tr>\n<tr>\n<td><strong>Support Linux<\/strong><\/td>\n<td style=\"text-align: center;\">\u2713<\/td>\n<td style=\"text-align: center;\">\u2717<\/td>\n<\/tr>\n<tr>\n<td><strong>Plans \/ profils multiples<\/strong><\/td>\n<td style=\"text-align: center;\">\u2713 Illimit\u00e9<\/td>\n<td style=\"text-align: center;\">Limit\u00e9e<\/td>\n<\/tr>\n<\/tbody>\n<\/table>\n<h2>Principales diff\u00e9rences<\/h2>\n<h3>Flexibilit\u00e9 et contr\u00f4le du temps<\/h3>\n<p>FocusMe offre un contr\u00f4le plus granulaire du blocage. Vous pouvez fixer des limites de temps par site (par exemple, 30 minutes de Reddit par jour), des limites de lancement pour restreindre la fr\u00e9quence d'ouverture des applications, et cr\u00e9er des profils de blocage illimit\u00e9s pour diff\u00e9rents sc\u00e9narios. Cold Turkey utilise une approche plus simple de blocage ou d'autorisation avec moins de flexibilit\u00e9.<\/p>\n<h3>Pauses d'\u00e9cran et protection de la pause<\/h3>\n<p>FocusMe comprend des pauses d'\u00e9cran forc\u00e9es avec une superposition en plein \u00e9cran qui verrouille votre ordinateur \u00e0 des intervalles configurables. La protection contre les sauts garantit que vous vous reposez r\u00e9ellement - vous pouvez fixer un temps de pause minimum et exiger un d\u00e9fi pour sauter la pause. Les limites de pause d\u00e9terminent le nombre de fois par jour o\u00f9 vous pouvez interrompre un plan et la dur\u00e9e de cette interruption. Cold Turkey n'inclut pas de pauses d'\u00e9cran forc\u00e9es ni de gestion des pauses.<\/p>\n<h3>Coaching bas\u00e9 sur l'IA<\/h3>\n<p>Le Coach IA int\u00e9gr\u00e9 de FocusMe analyse votre utilisation quotidienne et fournit des rapports de productivit\u00e9 personnalis\u00e9s avec des recommandations exploitables que vous pouvez appliquer en un seul clic. Il identifie des sch\u00e9mas tels que le risque d'\u00e9puisement professionnel et la surcharge de communication. Cold Turkey propose des statistiques d'utilisation mais pas de coaching AI.<\/p>\n<h3>Couches de protection<\/h3>\n<p>Les deux applications disposent de modes renforc\u00e9s et d'une protection contre la d\u00e9sinstallation. FocusMe ajoute des couches suppl\u00e9mentaires : d\u00e9fis de caract\u00e8res al\u00e9atoires, d\u00e9lais d'arr\u00eat et limites de pause. Les deux applications offrent une protection par mot de passe (Pro dans le cas de Cold Turkey). Vous pouvez \u00e9galement contr\u00f4ler les plans de FocusMe via CLI pour l'automatisation.<\/p>\n<h3>Support mobile et Linux<\/h3>\n<p>FocusMe propose une application Android et un support Linux. Cold Turkey ne fonctionne que sous Windows et macOS.<\/p>\n<h2>Ce que disent les utilisateurs<\/h2>\n<p style=\"margin-bottom: 20px;\">Voici ce que les utilisateurs qui ont essay\u00e9 les deux produits disent \u00e0 propos du passage \u00e0 FocusMe :<\/p>\n<blockquote>\n<p style=\"font-style: italic;\"><strong>\u201cLe meilleur bloqueur de procrastination et un d\u00e9veloppeur incroyable ! 10\/10. De tous les bloqueurs de sites web\/procrastination que j'ai essay\u00e9s (Freedom, ColdTurkey, HeyFocus, LeechblockNG, etc), celui-ci est le seul qui a tout !\u201d<\/strong><\/p>\n<p style=\"font-size: 14px; color: #666;\">- Filip J. via <a href=\"https:\/\/www.trustpilot.com\/reviews\/5e879f5f086b6409542f39bb\" target=\"_blank\" rel=\"noopener\">Trustpilot<\/a><\/p>\n<\/blockquote>\n<blockquote>\n<p style=\"font-style: italic;\"><strong>\u201cIl est beaucoup plus souple que les autres que j'ai essay\u00e9s (Freedom et Cold Turkey notamment), le seul que je n'arrive pas \u00e0 contourner...\u201d<\/strong><\/p>\n<p style=\"font-size: 14px; color: #666;\">- John Cremlim via <a href=\"https:\/\/www.trustpilot.com\/reviews\/5e98c130086b6409bc864790\" target=\"_blank\" rel=\"noopener\">Trustpilot<\/a><\/p>\n<\/blockquote>\n<blockquote>\n<p style=\"font-style: italic;\"><strong>\u201cJ'ai utilis\u00e9 K9, Mobicip, Cold Turkey, Freedom, et j'en passe. Aucun de ces produits n'arrive \u00e0 la cheville de FocusMe. Arr\u00eatez de perdre du temps et commencez \u00e0 changer votre vie d\u00e8s aujourd'hui !\u201d<\/strong><\/p>\n<p style=\"font-size: 14px; color: #666;\">- Terry G via <a href=\"https:\/\/www.trustpilot.com\/reviews\/5cd580d6a843690a7cd115dc\" target=\"_blank\" rel=\"noopener\">Trustpilot<\/a><\/p>\n<\/blockquote>\n<blockquote>\n<p style=\"font-style: italic;\"><strong>\u201cC'est le MEILLEUR programme d'auto-assistance pour PC que j'aie jamais rencontr\u00e9. Il est pratiquement impossible de le contourner, \u00e0 moins d'\u00eatre un hacker\/programmeur intelligent.\u201d<\/strong><\/p>\n<p style=\"font-size: 14px; color: #666;\">- Bryan Seare via <a href=\"https:\/\/www.trustpilot.com\/reviews\/5c8c73a597afa10a488c4771\" target=\"_blank\" rel=\"noopener\">Trustpilot<\/a><\/p>\n<\/blockquote>\n<h2>Questions fr\u00e9quemment pos\u00e9es<\/h2>\n<h3 style=\"font-size: 20px; margin-top: 20px;\">FocusMe est-il meilleur que Cold Turkey ?<\/h3>\n<p>FocusMe offre plus de flexibilit\u00e9 avec des limites de temps par site, des pauses d'\u00e9cran forc\u00e9es, un coaching AI, des limites de pause, un contr\u00f4le CLI et un support Android - des caract\u00e9ristiques qui font d\u00e9faut \u00e0 Cold Turkey. Cependant, Cold Turkey propose un mod\u00e8le d'achat unique plus simple. Choisissez FocusMe si vous avez besoin d'un contr\u00f4le granulaire, d'un support mobile ou de Linux.<\/p>\n<h3 style=\"font-size: 20px; margin-top: 20px;\">FocusMe peut-il bloquer les m\u00eames choses que Cold Turkey ?<\/h3>\n<p>Oui. FocusMe bloque les sites Web, les applications de bureau et les jeux dans tous les navigateurs sous Windows, macOS et Linux - tout comme Cold Turkey Pro. FocusMe prend \u00e9galement en charge les appareils Android et peut cibler sp\u00e9cifiquement les courts m\u00e9trages YouTube et les bobines Facebook.<\/p>\n<h3 style=\"font-size: 20px; margin-top: 20px;\">FocusMe est-il plus difficile \u00e0 contourner que Cold Turkey ?<\/h3>\n<p>Les deux applications ont des modes renforc\u00e9s avec une protection contre la d\u00e9sinstallation. FocusMe ajoute des d\u00e9fis de caract\u00e8res al\u00e9atoires, des d\u00e9lais d'arr\u00eat et des limites de pause pour des couches suppl\u00e9mentaires de protection contre le contournement. De nombreux utilisateurs qui ont abandonn\u00e9 Cold Turkey citent les couches de protection suppl\u00e9mentaires de FocusMe comme une raison essentielle.<\/p>\n<h3 style=\"font-size: 20px; margin-top: 20px;\">Comment les prix de FocusMe se comparent-ils \u00e0 ceux de Cold Turkey ?<\/h3>\n<p>Cold Turkey propose un achat unique qui peut \u00eatre moins cher au d\u00e9part, mais vous en avez pour votre argent - FocusMe inclut des pauses d'\u00e9cran forc\u00e9es, un coaching AI, une automatisation CLI, des limites de pause, des limites de lancement, et beaucoup d'autres fonctionnalit\u00e9s que Cold Turkey n'a tout simplement pas. FocusMe offre un essai gratuit de 14 jours et une garantie de remboursement de 60 jours, afin que vous puissiez l'essayer sans risque. Nous fournissons \u00e9galement un support client de classe mondiale.<\/p>\n<p style=\"text-align: center; margin-top: 50px; margin-bottom: 30px;\">\n<a href=\"#elementor-action%3Aaction%3Dpopup%3Aopen%26settings%3DeyJpZCI6IjUxNzExNCIsInRvZ2dsZSI6ZmFsc2V9\" class=\"cta-btn\">ESSAYEZ FOCUSME GRATUITEMENT<\/a>\n<\/p>\n<p style=\"text-align: center; font-size: 14px; color: #999;\">Fonctionne sur Windows 11\/10\/8\/7, macOS, Linux et Android. Aucune carte de cr\u00e9dit n'est requise.<\/p>\n<div style=\"margin-top: 60px; padding: 30px; background: #f5f7fa; border-radius: 8px; border: 1px solid #e0e0e0;\">\n<h3 style=\"color: #486C9D; margin-top: 0;\">Vous voyez quelque chose qui ne va pas ?<\/h3>\n<p style=\"font-size: 15px; margin-bottom: 15px;\">Aidez-nous \u00e0 faire en sorte que cette comparaison reste pr\u00e9cise et \u00e9quitable. Si l'une des informations ci-dessus est obsol\u00e8te ou incorrecte, faites-le nous savoir.<\/p>\n<form action=\"\/comparison-feedback.php\" method=\"POST\" style=\"display: flex; flex-wrap: wrap; gap: 12px; align-items: flex-start;\" data-trp-original-action=\"\/comparison-feedback.php\">\n<input type=\"hidden\" name=\"page\" value=\"FocusMe vs Cold Turkey\"><br \/>\n<input type=\"text\" name=\"feature\" placeholder=\"Quelle caract\u00e9ristique ?\" required style=\"flex: 1; min-width: 180px; padding: 10px 14px; border: 1px solid #ccc; border-radius: 4px; font-size: 15px;\"><br \/>\n<input type=\"text\" name=\"correction\" placeholder=\"Qu&#039;est-ce qui n&#039;est pas correct ?\" required style=\"flex: 2; min-width: 240px; padding: 10px 14px; border: 1px solid #ccc; border-radius: 4px; font-size: 15px;\"><br \/>\n<input type=\"email\" name=\"email\" placeholder=\"Votre adresse \u00e9lectronique (facultatif)\" style=\"flex: 1; min-width: 180px; padding: 10px 14px; border: 1px solid #ccc; border-radius: 4px; font-size: 15px;\"><br \/>\n<button type=\"submit\" style=\"background: #486C9D; color: white; border: none; padding: 10px 24px; border-radius: 4px; font-size: 15px; cursor: pointer; font-weight: bold;\">Soumettre<\/button><br \/>\n<input type=\"hidden\" name=\"trp-form-language\" value=\"fr\"\/><\/form>\n<\/div>\n<\/div>","protected":false},"excerpt":{"rendered":"<p>FocusMe vs Cold Turkey \u2014 Feature Comparison (2026) Both FocusMe and Cold Turkey are powerful website and app blockers. Here&#8217;s an honest breakdown of how they compare so you can choose the right tool for your needs. Feature Comparison Table Feature FocusMe Cold Turkey Website Blocking &#10003; &#10003; Application &amp; Game Blocking &#10003; &#10003; (Pro [&hellip;]<\/p>\n","protected":false},"author":1,"featured_media":0,"parent":0,"menu_order":0,"comment_status":"closed","ping_status":"closed","template":"","meta":{"footnotes":""},"class_list":["post-193904","page","type-page","status-publish","hentry"],"_links":{"self":[{"href":"https:\/\/focusme.com\/fr\/wp-json\/wp\/v2\/pages\/193904","targetHints":{"allow":["GET"]}}],"collection":[{"href":"https:\/\/focusme.com\/fr\/wp-json\/wp\/v2\/pages"}],"about":[{"href":"https:\/\/focusme.com\/fr\/wp-json\/wp\/v2\/types\/page"}],"author":[{"embeddable":true,"href":"https:\/\/focusme.com\/fr\/wp-json\/wp\/v2\/users\/1"}],"replies":[{"embeddable":true,"href":"https:\/\/focusme.com\/fr\/wp-json\/wp\/v2\/comments?post=193904"}],"version-history":[{"count":6,"href":"https:\/\/focusme.com\/fr\/wp-json\/wp\/v2\/pages\/193904\/revisions"}],"predecessor-version":[{"id":520220,"href":"https:\/\/focusme.com\/fr\/wp-json\/wp\/v2\/pages\/193904\/revisions\/520220"}],"wp:attachment":[{"href":"https:\/\/focusme.com\/fr\/wp-json\/wp\/v2\/media?parent=193904"}],"curies":[{"name":"wp","href":"https:\/\/api.w.org\/{rel}","templated":true}]}}