{"id":514439,"date":"2024-10-14T10:31:11","date_gmt":"2024-10-14T09:31:11","guid":{"rendered":"https:\/\/focusme.com\/?page_id=514439"},"modified":"2024-10-14T10:38:35","modified_gmt":"2024-10-14T09:38:35","slug":"download-links-here","status":"publish","type":"page","link":"https:\/\/focusme.com\/de\/download-links-here\/","title":{"rendered":"Links herunterladen"},"content":{"rendered":"<div data-elementor-type=\"wp-page\" data-elementor-id=\"514439\" class=\"elementor elementor-514439\" data-elementor-post-type=\"page\">\n\t\t\t\t\t\t<section class=\"elementor-section elementor-top-section elementor-element elementor-element-691712dc sec-1 elementor-section-boxed elementor-section-height-default elementor-section-height-default\" data-id=\"691712dc\" data-element_type=\"section\" data-e-type=\"section\">\n\t\t\t\t\t\t<div class=\"elementor-container elementor-column-gap-default\">\n\t\t\t\t\t<div class=\"elementor-column elementor-col-100 elementor-top-column elementor-element elementor-element-4e546092\" data-id=\"4e546092\" data-element_type=\"column\" data-e-type=\"column\">\n\t\t\t<div class=\"elementor-widget-wrap elementor-element-populated\">\n\t\t\t\t\t\t<div class=\"elementor-element elementor-element-0f88df8 elementor-widget elementor-widget-text-editor\" data-id=\"0f88df8\" data-element_type=\"widget\" data-e-type=\"widget\" data-widget_type=\"text-editor.default\">\n\t\t\t\t<div class=\"elementor-widget-container\">\n\t\t\t\t\t\t\t\t\t<p><!-- Link to the external CSS file --><\/p><div class=\"content-container\"><h2>Hier sind Ihre Downloads<\/h2><p><a class=\"btn\" href=\"https:\/\/focusme.com\/download\/app\/\" target=\"_blank\" rel=\"noopener\">FocusMe-Installationsprogramm (Windows, Mac, Linux)<\/a><\/p><div>Wir empfehlen, diese ebenfalls zu installieren:<br \/><a class=\"btn\" href=\"https:\/\/focusme.com\/download\/addon\/\" target=\"_blank\" rel=\"noopener\">Browser-Erweiterung (Chrome, Edge, Firefox)<\/a><\/div><div>\u00a0<\/div><div><span class=\"important\">Kostenlose Downloads f\u00fcr Android<\/span><br \/><a class=\"btn\" href=\"https:\/\/focusme.com\/download\/android\/\" target=\"_blank\" rel=\"noopener\">Android App (mit Deinstallationsschutz)<\/a><\/div><div>Denken Sie daran <a href=\"https:\/\/android.gadgethacks.com\/how-to\/android-basics-enable-unknown-sources-sideload-apps-0161947\/\" target=\"_blank\" rel=\"noopener\">Installation f\u00fcr unbekannte Quellen zulassen<\/a>.<\/div><div><span class=\"important\">Anmerkung:<\/span> Sie m\u00fcssen m\u00f6glicherweise <a href=\"https:\/\/support.google.com\/accounts\/answer\/2812853?hl=en\" target=\"_blank\" rel=\"noopener\">Deaktivieren Sie Google Play Protect<\/a>.<\/div><div>\u00a0<\/div><div>Oder holen Sie sich die Version von <a href=\"https:\/\/play.google.com\/store\/apps\/details?id=com.focusme.android\" target=\"_blank\" rel=\"noopener\">Google Play<\/a> (kein Deinstallationsschutz). Und bitte hinterlassen Sie uns Ihre ehrliche Bewertung!<\/div><div>\u00a0<\/div><div>Lassen Sie uns nun zu unserer E-Mail zur\u00fcckkehren und sehen, wie wir Sie auf Ihrer ablenkungsfreien Reise noch unterst\u00fctzen k\u00f6nnen! <img decoding=\"async\" class=\"emoji\" role=\"img\" draggable=\"false\" src=\"https:\/\/s.w.org\/images\/core\/emoji\/13.0.0\/svg\/1f642.svg\" alt=\"\ud83d\ude42\" \/><\/div><\/div><div id=\"w1guu0n5\" style=\"display: none;\">\u00a0<\/div>\t\t\t\t\t\t\t\t<\/div>\n\t\t\t\t<\/div>\n\t\t\t\t\t<\/div>\n\t\t<\/div>\n\t\t\t\t\t<\/div>\n\t\t<\/section>\n\t\t\t\t<\/div>","protected":false},"excerpt":{"rendered":"<p>Here Are Your Downloads FocusMe Installer (Windows, Mac, Linux) We recommend installing this as well: Browser Extension (Chrome, Edge, Firefox)\u00a0Free Downloads for Android Android App (with Uninstall Protection)Remember to Allow install for unknown sources.Note: You may need to Turn Off Google Play Protect.\u00a0Or get the version from Google Play (no uninstall protection). And please leave [&hellip;]<\/p>\n","protected":false},"author":1,"featured_media":0,"parent":0,"menu_order":0,"comment_status":"closed","ping_status":"closed","template":"","meta":{"footnotes":""},"class_list":["post-514439","page","type-page","status-publish","hentry"],"_links":{"self":[{"href":"https:\/\/focusme.com\/de\/wp-json\/wp\/v2\/pages\/514439","targetHints":{"allow":["GET"]}}],"collection":[{"href":"https:\/\/focusme.com\/de\/wp-json\/wp\/v2\/pages"}],"about":[{"href":"https:\/\/focusme.com\/de\/wp-json\/wp\/v2\/types\/page"}],"author":[{"embeddable":true,"href":"https:\/\/focusme.com\/de\/wp-json\/wp\/v2\/users\/1"}],"replies":[{"embeddable":true,"href":"https:\/\/focusme.com\/de\/wp-json\/wp\/v2\/comments?post=514439"}],"version-history":[{"count":0,"href":"https:\/\/focusme.com\/de\/wp-json\/wp\/v2\/pages\/514439\/revisions"}],"wp:attachment":[{"href":"https:\/\/focusme.com\/de\/wp-json\/wp\/v2\/media?parent=514439"}],"curies":[{"name":"wp","href":"https:\/\/api.w.org\/{rel}","templated":true}]}}